{"id":1471,"date":"2024-07-31T07:37:54","date_gmt":"2024-07-31T07:37:54","guid":{"rendered":"https:\/\/timeloop.de\/wp\/index.php\/blog\/"},"modified":"2024-07-31T11:40:54","modified_gmt":"2024-07-31T11:40:54","slug":"blog","status":"publish","type":"page","link":"https:\/\/timeloop.de\/wp\/index.php\/blog\/","title":{"rendered":"Blog"},"content":{"rendered":"\n<div class=\"wp-block-group is-vertical is-layout-flex wp-container-core-group-is-layout-8cf370e7 wp-block-group-is-layout-flex\">\n<div class=\"wp-block-query is-layout-flow wp-block-query-is-layout-flow\"><ul class=\"wp-block-post-template is-layout-flow wp-block-post-template-is-layout-flow\"><li class=\"wp-block-post post-1440 post type-post status-publish format-standard hentry category-linux category-raspberrypi\">\n<h2 class=\"wp-block-post-title\"><a href=\"https:\/\/timeloop.de\/wp\/index.php\/2019\/11\/04\/swap-partition-auf-usb-auslagern-rpi-linux\/\" target=\"_self\" >Swap Partition auf USB auslagern RPi \/ Linux<\/a><\/h2>\n\n<div class=\"wp-block-post-excerpt\"><p class=\"wp-block-post-excerpt__excerpt\">Falls die SWAP Partition auf dem Raspberry Pi \u00fcberl\u00e4uft und so der Pi zum Stillstand kommt, kann man die Swap Partition auch auf einen angeschlossenen USB-Stick auslagern. Dazu einen USB-Stick an den RPi anschlie\u00dfen und mit folgenden befehlen die SWAP Partition dorthin umziehen: Mit dem Befehl die Datentr\u00e4ger anzeigen lassen und dadurch den richtigen aussuchen.&hellip; <\/p><\/div>\n<\/li><li class=\"wp-block-post post-1432 post type-post status-publish format-standard hentry category-howto category-raspberrypi\">\n<h2 class=\"wp-block-post-title\"><a href=\"https:\/\/timeloop.de\/wp\/index.php\/2019\/03\/15\/npm-und-node-js-versionen-installieren\/\" target=\"_self\" >npm und node.js Versionen installieren<\/a><\/h2>\n\n<div class=\"wp-block-post-excerpt\"><p class=\"wp-block-post-excerpt__excerpt\">npm Version anzeigen: npm -v npm installieren: sudo npm install -g npm node Version anzeigen: node -v node installieren: sudo npm install -g n node Befehle: <\/p><\/div>\n<\/li><li class=\"wp-block-post post-1428 post type-post status-publish format-standard hentry category-howto\">\n<h2 class=\"wp-block-post-title\"><a href=\"https:\/\/timeloop.de\/wp\/index.php\/2019\/02\/26\/kostenlos-qr-codes-generieren\/\" target=\"_self\" >Kostenlos QR-Codes generieren<\/a><\/h2>\n\n<div class=\"wp-block-post-excerpt\"><p class=\"wp-block-post-excerpt__excerpt\">Auf der Seite des deutschen Anbieters QRCode Monkey kann man sich online kostenlos verschiedenste QR-Codes generieren lassen. Auch das einbinden von Logos ist in der Freeware m\u00f6glich. https:\/\/www.qrcode-monkey.com\/de <\/p><\/div>\n<\/li><li class=\"wp-block-post post-1367 post type-post status-publish format-standard hentry category-firmware category-howto tag-mirascreen tag-w-lan tag-wifi\">\n<h2 class=\"wp-block-post-title\"><a href=\"https:\/\/timeloop.de\/wp\/index.php\/2018\/08\/12\/mirascreen-findet-kein-w-lan\/\" target=\"_self\" >MiraScreen findet kein W-Lan<\/a><\/h2>\n\n<div class=\"wp-block-post-excerpt\"><p class=\"wp-block-post-excerpt__excerpt\">Der Mirascreen findet bei der ersten Einrichtung mit der Auslieferungsfirmware kein W-Lan. Ein Firmwareupdate ist so auch nicht m\u00f6glich. Um einen Accesspoint zu finden und ein Firmwareupdate durchf\u00fchren zu k\u00f6nnen\u00a0 muss ganz einfach ein Telefon als mobiler Hotspot konfiguriert werden und neben den MiraScreen gelegt werden. Man muss sich nicht mit dem Telefon verbinden, es&hellip; <\/p><\/div>\n<\/li><li class=\"wp-block-post post-1391 post type-post status-publish format-standard hentry category-howto tag-fluid tag-seifenblasen\">\n<h2 class=\"wp-block-post-title\"><a href=\"https:\/\/timeloop.de\/wp\/index.php\/2018\/08\/12\/seifenblasenfluid-fuer-seifenblasenmaschinen-selber-machen\/\" target=\"_self\" >Seifenblasenfluid f\u00fcr Seifenblasenmaschinen selber machen<\/a><\/h2>\n\n<div class=\"wp-block-post-excerpt\"><p class=\"wp-block-post-excerpt__excerpt\">Seifenblasenfluid f\u00fcr Seifenblasenmaschinen herzustellen ist recht simpel. Dazu ben\u00f6tigt man nur Wasser, Sp\u00fclmittel, Backpulver, Guarkernmehl. Alles zusammensch\u00fctten und fertig: 9L Wasser 1 Flasche Sp\u00fclmittel (ca. 500ml) 1 Packung Backpulver (15g) 10g Guarkernmehl Etwas Handlicher ist es wenn man einfach ein 5L Gebinde\/Kanister destilliertes Wasser kauft, da 500ml zum Blumengie\u00dfen wegnimmt und dann die Zutaten einfach&hellip; <\/p><\/div>\n<\/li><li class=\"wp-block-post post-1389 post type-post status-publish format-standard hentry category-howto tag-auto tag-reset-servicebedarf tag-smart\">\n<h2 class=\"wp-block-post-title\"><a href=\"https:\/\/timeloop.de\/wp\/index.php\/2018\/08\/12\/smart-450-servicebedarfkilometer-zurueckstellen\/\" target=\"_self\" >Smart 450 Servicebedarf -Kilometer zur\u00fcckstellen<\/a><\/h2>\n\n<div class=\"wp-block-post-excerpt\"><p class=\"wp-block-post-excerpt__excerpt\">Um beim Smart 450 die Servicebedarfskilometeranzeige zur\u00fcckzusetzen muss man einfach: Z\u00fcndung an und mit dem Universalknopf (Kilometer-Reset-Knopf) hinten links am Tacho auf den Servicebedarf schalten (So dass der Servicebedarf in Tacho angezeigt wird) Z\u00fcndung aus, Knopf dr\u00fccken und gedr\u00fcckt halten Z\u00fcndung an und Knopf weitere 10 Sekunden gedr\u00fccket halten Fertig, die Servicebedarfsanzeige sollte sich geresetet&hellip; <\/p><\/div>\n<\/li><li class=\"wp-block-post post-1369 post type-post status-publish format-standard hentry category-allgemein\">\n<h2 class=\"wp-block-post-title\"><a href=\"https:\/\/timeloop.de\/wp\/index.php\/2018\/02\/11\/homematic-104895-schaltaktor-hm-lc-sw1-ba-pcb-an-relais-anschliessen\/\" target=\"_self\" >Homematic 104895 Schaltaktor HM-LC-Sw1-Ba-PCB an Relais anschlie\u00dfen<\/a><\/h2>\n\n<div class=\"wp-block-post-excerpt\"><p class=\"wp-block-post-excerpt__excerpt\">Diesmal nicht von mir, aber ein sehr n\u00fctzlicher Tipp den ich nicht vergessen will: Wenn man den Homematic Schaltaktor\u00a0HM-LC-Sw1-Ba-PCB mit einem Relais direkt betreiben will ganz einfach: jtkirk schreibt als Kommentar: Der Aktor ist g\u00fcnstig und sehr kompakt. Er l\u00e4sst sich autark mit einer Batterie betreiben. Ich schalte damit eine Klingel, die auch auf 9V&hellip; <\/p><\/div>\n<\/li><li class=\"wp-block-post post-1362 post type-post status-publish format-standard hentry category-allgemein category-firmware category-howto\">\n<h2 class=\"wp-block-post-title\"><a href=\"https:\/\/timeloop.de\/wp\/index.php\/2018\/01\/24\/ip-adresse-an-noname-azishn-onvif-kamera-aendern\/\" target=\"_self\" >IP-Adresse an NoName (AZISHN) ONVIF Kamera \u00e4ndern<\/a><\/h2>\n\n<div class=\"wp-block-post-excerpt\"><p class=\"wp-block-post-excerpt__excerpt\">Alle versuche mit die IP-Adresse einer AZISHN IP-Kamera zu \u00e4ndern schlugen fehl. Trotz ONVIF 2.4 Standard kein Erfolg. L\u00f6sung: Die Kamera basiert auf dem weitverbreiteten Hisilicon 8M (Hi3518E) Chip. OEM Hersteller f\u00fcr die Kameras ist Xiong Mai. Das ActiveX Plugin Installieren, IP-Adresse des PC auf 192.168.1.123 setzen. Im InternetExplorer! (&lt;- Wichtig, andre Browser k\u00f6nnen kein&hellip; <\/p><\/div>\n<\/li><li class=\"wp-block-post post-1299 post type-post status-publish format-standard hentry category-howto tag-e-mail tag-office tag-pc tag-speedport tag-t-online tag-telekom\">\n<h2 class=\"wp-block-post-title\"><a href=\"https:\/\/timeloop.de\/wp\/index.php\/2017\/06\/15\/e-mails-koennen-nicht-versendet-werden-keine-anmeldung-am-smtp-server-moeglich\/\" target=\"_self\" >E-Mails k\u00f6nnen nicht versendet werden, keine Anmeldung am SMTP Server m\u00f6glich<\/a><\/h2>\n\n<div class=\"wp-block-post-excerpt\"><p class=\"wp-block-post-excerpt__excerpt\">Kurze Version: Die Telekom Speedportger\u00e4te sind in der Standardkonfiguration so eingestellt, dass nur wenige ausgew\u00e4hlte SMTP Server benutzt werden k\u00f6nnen. Diese &#8222;Feature&#8220; verhindert den Versand von E-Mails \u00fcber eigene Domains. Im Men\u00fc Sicherheit der Speedport-Router kann die Option &#8222;nur sichere E-Mail Server zulassen&#8220; deaktiviert werden und schon funktionieret der Versand von\u00a0E-Mail \u00fcber eigene Server wieder.&hellip; <\/p><\/div>\n<\/li><li class=\"wp-block-post post-1291 post type-post status-publish format-standard hentry category-firmware category-pc\">\n<h2 class=\"wp-block-post-title\"><a href=\"https:\/\/timeloop.de\/wp\/index.php\/2017\/06\/08\/firmware-update-fuer-samsung-drucker\/\" target=\"_self\" >Firmware Update f\u00fcr Samsung Drucker<\/a><\/h2>\n\n<div class=\"wp-block-post-excerpt\"><p class=\"wp-block-post-excerpt__excerpt\">Auf dem FTP-Server von HP \/ der Seite: ftp:\/\/ftp.hp.com\/pub\/softlib\/software13\/printers\/SS\/ kann man u.a. die aktuelle Firmware f\u00fcr Samsung Drucker herunterladen. (Und auch von HP-Druckern im Verzeichnis dar\u00fcber) Die Installation erfolgt im Adminmen\u00fc des Druckers. Dies erreicht man durch einloggen auf der Druckerwebseite (oben rechts)\u00a0mit den Zugangsdaten: User: admin Pass: sec00000 &#8212;&#8212;&#8212;&#8212;&#8212;&#8212;&#8212;&#8212;&#8212;&#8212;&#8212;&#8212;&#8212;&#8212;&#8212;&#8212;&#8212;&#8212;&#8212;&#8212;&#8212;&#8212;&#8212;&#8212;&#8212;&#8212;&#8212;&#8212;- Samsung Cloudprint Firmware bekommt man&hellip; <\/p><\/div>\n<\/li><\/ul>\n\n<nav class=\"wp-block-query-pagination is-layout-flex wp-block-query-pagination-is-layout-flex\" aria-label=\"Seitennummerierung\">\n\n\n<div class=\"wp-block-query-pagination-numbers\"><span aria-current=\"page\" class=\"page-numbers current\">1<\/span>\n<a class=\"page-numbers\" href=\"?query-32-page=2\">2<\/a>\n<a class=\"page-numbers\" href=\"?query-32-page=3\">3<\/a>\n<span class=\"page-numbers dots\">&hellip;<\/span>\n<a class=\"page-numbers\" href=\"?query-32-page=5\">5<\/a><\/div>\n\n<a href=\"\/wp\/index.php\/wp-json\/wp\/v2\/pages\/1471?query-32-page=2\" class=\"wp-block-query-pagination-next\">N\u00e4chste Seite<\/a>\n<\/nav>\n\n<\/div>\n<\/div>\n","protected":false},"excerpt":{"rendered":"","protected":false},"author":1,"featured_media":0,"parent":0,"menu_order":0,"comment_status":"closed","ping_status":"closed","template":"","meta":{"footnotes":""},"class_list":["post-1471","page","type-page","status-publish","hentry"],"_links":{"self":[{"href":"https:\/\/timeloop.de\/wp\/index.php\/wp-json\/wp\/v2\/pages\/1471","targetHints":{"allow":["GET"]}}],"collection":[{"href":"https:\/\/timeloop.de\/wp\/index.php\/wp-json\/wp\/v2\/pages"}],"about":[{"href":"https:\/\/timeloop.de\/wp\/index.php\/wp-json\/wp\/v2\/types\/page"}],"author":[{"embeddable":true,"href":"https:\/\/timeloop.de\/wp\/index.php\/wp-json\/wp\/v2\/users\/1"}],"replies":[{"embeddable":true,"href":"https:\/\/timeloop.de\/wp\/index.php\/wp-json\/wp\/v2\/comments?post=1471"}],"version-history":[{"count":7,"href":"https:\/\/timeloop.de\/wp\/index.php\/wp-json\/wp\/v2\/pages\/1471\/revisions"}],"predecessor-version":[{"id":1511,"href":"https:\/\/timeloop.de\/wp\/index.php\/wp-json\/wp\/v2\/pages\/1471\/revisions\/1511"}],"wp:attachment":[{"href":"https:\/\/timeloop.de\/wp\/index.php\/wp-json\/wp\/v2\/media?parent=1471"}],"curies":[{"name":"wp","href":"https:\/\/api.w.org\/{rel}","templated":true}]}}